{"id":96,"date":"2025-10-27T08:45:15","date_gmt":"2025-10-27T08:45:15","guid":{"rendered":"https:\/\/vitoriabtt.com\/?page_id=96"},"modified":"2026-04-01T10:27:53","modified_gmt":"2026-04-01T10:27:53","slug":"programa","status":"publish","type":"page","link":"https:\/\/vitoriabtt.com\/eu\/programa\/","title":{"rendered":"Egitaraua"},"content":{"rendered":"<div data-elementor-type=\"wp-page\" data-elementor-id=\"96\" class=\"elementor elementor-96\">\n\t\t\t\t<div class=\"elementor-element elementor-element-1a67132 e-flex e-con-boxed wpr-particle-no wpr-jarallax-no wpr-parallax-no wpr-sticky-section-no e-con e-parent\" data-id=\"1a67132\" data-element_type=\"container\" data-settings=\"{&quot;background_background&quot;:&quot;classic&quot;}\">\n\t\t\t\t\t<div class=\"e-con-inner\">\n\t\t\t\t<div class=\"elementor-element elementor-element-beb3c12 elementor-widget elementor-widget-spacer\" data-id=\"beb3c12\" data-element_type=\"widget\" data-widget_type=\"spacer.default\">\n\t\t\t\t\t\t\t<div class=\"elementor-spacer\">\n\t\t\t<div class=\"elementor-spacer-inner\"><\/div>\n\t\t<\/div>\n\t\t\t\t\t\t<\/div>\n\t\t\t\t<div class=\"elementor-element elementor-element-29e2051 elementor-widget elementor-widget-heading\" data-id=\"29e2051\" data-element_type=\"widget\" data-widget_type=\"heading.default\">\n\t\t\t\t\t<h2 class=\"elementor-heading-title elementor-size-default\">EGITARAUA<\/h2>\t\t\t\t<\/div>\n\t\t\t\t\t<\/div>\n\t\t\t\t<\/div>\n\t\t<div class=\"elementor-element elementor-element-167f8e8 e-flex e-con-boxed wpr-particle-no wpr-jarallax-no wpr-parallax-no wpr-sticky-section-no e-con e-parent\" data-id=\"167f8e8\" data-element_type=\"container\">\n\t\t\t\t\t<div class=\"e-con-inner\">\n\t\t\t\t<div class=\"elementor-element elementor-element-b8d57f4 elementor-widget elementor-widget-image\" data-id=\"b8d57f4\" data-element_type=\"widget\" data-widget_type=\"image.default\">\n\t\t\t\t\t\t\t\t\t\t\t\t\t\t\t<img fetchpriority=\"high\" decoding=\"async\" width=\"1024\" height=\"1024\" src=\"https:\/\/vitoriabtt.com\/wp-content\/uploads\/2025\/12\/LogoVitoriaBTTNegro-1024x1024.png\" class=\"attachment-large size-large wp-image-746\" alt=\"\" srcset=\"https:\/\/vitoriabtt.com\/wp-content\/uploads\/2025\/12\/LogoVitoriaBTTNegro-1024x1024.png 1024w, https:\/\/vitoriabtt.com\/wp-content\/uploads\/2025\/12\/LogoVitoriaBTTNegro-300x300.png 300w, https:\/\/vitoriabtt.com\/wp-content\/uploads\/2025\/12\/LogoVitoriaBTTNegro-150x150.png 150w, https:\/\/vitoriabtt.com\/wp-content\/uploads\/2025\/12\/LogoVitoriaBTTNegro-768x768.png 768w, https:\/\/vitoriabtt.com\/wp-content\/uploads\/2025\/12\/LogoVitoriaBTTNegro.png 1125w\" sizes=\"(max-width: 1024px) 100vw, 1024px\" \/>\t\t\t\t\t\t\t\t\t\t\t\t\t\t\t<\/div>\n\t\t\t\t\t<\/div>\n\t\t\t\t<\/div>\n\t\t<div class=\"elementor-element elementor-element-26d8bd2 e-flex e-con-boxed wpr-particle-no wpr-jarallax-no wpr-parallax-no wpr-sticky-section-no e-con e-parent\" data-id=\"26d8bd2\" data-element_type=\"container\">\n\t\t\t\t\t<div class=\"e-con-inner\">\n\t\t\t\t<div class=\"elementor-element elementor-element-8de58e8 elementor-widget elementor-widget-heading\" data-id=\"8de58e8\" data-element_type=\"widget\" data-widget_type=\"heading.default\">\n\t\t\t\t\t<h2 class=\"elementor-heading-title elementor-size-default\">LARUNBATA, MAIATZAK 2<\/h2>\t\t\t\t<\/div>\n\t\t\t\t<div class=\"elementor-element elementor-element-2cab358 elementor-widget elementor-widget-text-editor\" data-id=\"2cab358\" data-element_type=\"widget\" data-widget_type=\"text-editor.default\">\n\t\t\t\t\t\t\t\t\t<p><strong>09:00-11:30<\/strong> \u2192 Entrenamientos libres<\/p><p><strong>11:45<\/strong>\u00a0\u2192 Salida Alev\u00edn<\/p><p><strong>12:30<\/strong> \u2192 Salida Infantil<\/p><p><strong>13:15<\/strong> \u2192 Entrega de premios<\/p><p><strong>13:30<\/strong> \u2192 1\u00aa Salida Cadete, Junior (F), M30\/40 (F) y M40\/50\/60 (M)<\/p><p><strong>15:15<\/strong> \u2192 2\u00aa Salida Elite\/Sub23 (F), Junior (M) i M30 (M)<\/p><p><strong>15:20<\/strong> \u2192 Entrega de premios Cadete, Junior (F), M30\/40 (F) y M40\/50\/60 (M)<\/p><p><strong>17:00<\/strong> \u2192 3\u00aa Elite\/Sub23 (M)<\/p><p><strong>18:45<\/strong> \u2192 Entrega de premios<\/p>\t\t\t\t\t\t\t\t<\/div>\n\t\t\t\t<div class=\"elementor-element elementor-element-82b7c0e elementor-align-center elementor-widget elementor-widget-button\" data-id=\"82b7c0e\" data-element_type=\"widget\" data-widget_type=\"button.default\">\n\t\t\t\t\t\t\t\t\t\t<a class=\"elementor-button elementor-button-link elementor-size-sm elementor-animation-buzz\" href=\"\/eu\/shimano-super-cup\/\">\n\t\t\t\t\t\t<span class=\"elementor-button-content-wrapper\">\n\t\t\t\t\t\t\t\t\t<span class=\"elementor-button-text\">ABRIR SHIMANO SUPER CUP XCO<\/span>\n\t\t\t\t\t<\/span>\n\t\t\t\t\t<\/a>\n\t\t\t\t\t\t\t\t<\/div>\n\t\t\t\t\t<\/div>\n\t\t\t\t<\/div>\n\t\t<div class=\"elementor-element elementor-element-a99350d e-flex e-con-boxed wpr-particle-no wpr-jarallax-no wpr-parallax-no wpr-sticky-section-no e-con e-parent\" data-id=\"a99350d\" data-element_type=\"container\">\n\t\t\t\t\t<div class=\"e-con-inner\">\n\t\t\t\t<div class=\"elementor-element elementor-element-6c806c1 elementor-widget elementor-widget-heading\" data-id=\"6c806c1\" data-element_type=\"widget\" data-widget_type=\"heading.default\">\n\t\t\t\t\t<h2 class=\"elementor-heading-title elementor-size-default\">IGANDEA, MAIATZAK 3<\/h2>\t\t\t\t<\/div>\n\t\t\t\t<div class=\"elementor-element elementor-element-68cb7a4 elementor-widget elementor-widget-text-editor\" data-id=\"68cb7a4\" data-element_type=\"widget\" data-widget_type=\"text-editor.default\">\n\t\t\t\t\t\t\t\t\t<p>Maiatzaren 3an, igandea, gauzatuko diren BTT Marathon eta BTT Half Marathon distantziak kronometratuak izango dira, eta UCIko federazio-lizentzia duten parte-hartzaileei zein modalitate irekiko txirrindulariei irekita egongo dira. <strong>Bi distantziek denboren kontrola izango dute eta honako kategoria hauetan egituratuko dira:<\/strong><\/p><p><strong>09:00 <\/strong>\u2192 <strong>Salida BTT Marathon &amp; Half Marathon.<\/strong> Categor\u00edas: Competitiva, BTT Marathon (Open), BTT Half Marathon (Open).\u00a0<\/p><p><strong>10:00 <\/strong>\u2192 <strong>Salida Half Marathon E-Bikes.<\/strong><\/p><p><strong>11:25 \u2192 Llegada primeros\/as BTT Half.<br \/><br \/>12:10 \u2192 Llegada primeros\/as BTT Marathon.<br \/><\/strong><\/p><p><strong>15:20 \u2192 Llegada \u00faltimos\/as BTT Half.<\/strong><\/p><p><strong>16:00 \u2192 Llegada \u00faltimos\/as BTT Marathon.<\/strong><\/p>\t\t\t\t\t\t\t\t<\/div>\n\t\t\t\t\t<\/div>\n\t\t\t\t<\/div>\n\t\t<div class=\"elementor-element elementor-element-51d4a3d e-grid e-con-boxed wpr-particle-no wpr-jarallax-no wpr-parallax-no wpr-sticky-section-no e-con e-parent\" data-id=\"51d4a3d\" data-element_type=\"container\">\n\t\t\t\t\t<div class=\"e-con-inner\">\n\t\t\t\t<div class=\"elementor-element elementor-element-261474a elementor-align-center elementor-widget elementor-widget-button\" data-id=\"261474a\" data-element_type=\"widget\" data-widget_type=\"button.default\">\n\t\t\t\t\t\t\t\t\t\t<a class=\"elementor-button elementor-button-link elementor-size-sm elementor-animation-buzz\" href=\"\/eu\/btt-marathon\/\">\n\t\t\t\t\t\t<span class=\"elementor-button-content-wrapper\">\n\t\t\t\t\t\t\t\t\t<span class=\"elementor-button-text\">ABRIR BTT MARATHON<\/span>\n\t\t\t\t\t<\/span>\n\t\t\t\t\t<\/a>\n\t\t\t\t\t\t\t\t<\/div>\n\t\t\t\t<div class=\"elementor-element elementor-element-eb83597 elementor-align-center elementor-widget elementor-widget-button\" data-id=\"eb83597\" data-element_type=\"widget\" data-widget_type=\"button.default\">\n\t\t\t\t\t\t\t\t\t\t<a class=\"elementor-button elementor-button-link elementor-size-sm elementor-animation-buzz\" href=\"\/eu\/btt-half\/\">\n\t\t\t\t\t\t<span class=\"elementor-button-content-wrapper\">\n\t\t\t\t\t\t\t\t\t<span class=\"elementor-button-text\">ABRIR HALF MARATHON<\/span>\n\t\t\t\t\t<\/span>\n\t\t\t\t\t<\/a>\n\t\t\t\t\t\t\t\t<\/div>\n\t\t\t\t\t<\/div>\n\t\t\t\t<\/div>\n\t\t\t\t<\/div>","protected":false},"excerpt":{"rendered":"<p>PROGRAMA S\u00c1BADO, 2 MAYO 09:00-11:30 \u2192 Entrenamientos libres 11:45\u00a0\u2192 Salida Alev\u00edn 12:30 \u2192 Salida Infantil 13:15 \u2192 Entrega de premios 13:30 \u2192 1\u00aa Salida Cadete, Junior (F), M30\/40 (F) y M40\/50\/60 (M) 15:15 \u2192 2\u00aa Salida Elite\/Sub23 (F), Junior (M) i M30 (M) 15:20 \u2192 Entrega de premios Cadete, Junior (F), M30\/40 (F) y M40\/50\/60 (M) 17:00 \u2192 3\u00aa Elite\/Sub23 (M) 18:45 \u2192 Entrega de premios ABRIR SHIMANO SUPER CUP XCO DOMINGO, 3 MAYO Las distancias BTT Marathon y BTT Half Marathon, que se disputar\u00e1n el domingo 3 de mayo, tendr\u00e1n car\u00e1cter cronometrado y estar\u00e1n abiertas tanto a participantes federados UCI como a ciclistas de modalidad abierta. Ambas distancias contar\u00e1n con control de tiempos y se estructurar\u00e1n en las siguientes categor\u00edas: 09:00 \u2192 Salida BTT Marathon &amp; Half Marathon. Categor\u00edas: Competitiva, BTT Marathon (Open), BTT Half Marathon (Open).\u00a0 10:00 \u2192 Salida Half Marathon E-Bikes. 11:25 \u2192 Llegada primeros\/as BTT Half. 12:10 \u2192 Llegada primeros\/as BTT Marathon. 15:20 \u2192 Llegada \u00faltimos\/as BTT Half. 16:00 \u2192 Llegada \u00faltimos\/as BTT Marathon. ABRIR BTT MARATHON ABRIR HALF MARATHON<\/p>","protected":false},"author":1,"featured_media":0,"parent":0,"menu_order":0,"comment_status":"closed","ping_status":"closed","template":"elementor_header_footer","meta":{"site-sidebar-layout":"no-sidebar","site-content-layout":"","ast-site-content-layout":"full-width-container","site-content-style":"default","site-sidebar-style":"default","ast-global-header-display":"disabled","ast-banner-title-visibility":"","ast-main-header-display":"","ast-hfb-above-header-display":"","ast-hfb-below-header-display":"","ast-hfb-mobile-header-display":"","site-post-title":"disabled","ast-breadcrumbs-content":"","ast-featured-img":"disabled","footer-sml-layout":"","theme-transparent-header-meta":"","adv-header-id-meta":"","stick-header-meta":"","header-above-stick-meta":"","header-main-stick-meta":"","header-below-stick-meta":"","astra-migrate-meta-layouts":"default","ast-page-background-enabled":"default","ast-page-background-meta":{"desktop":{"background-color":"var(--ast-global-color-5)","background-image":"","background-repeat":"repeat","background-position":"center center","background-size":"auto","background-attachment":"scroll","background-type":"","background-media":"","overlay-type":"","overlay-color":"","overlay-opacity":"","overlay-gradient":""},"tablet":{"background-color":"","background-image":"","background-repeat":"repeat","background-position":"center center","background-size":"auto","background-attachment":"scroll","background-type":"","background-media":"","overlay-type":"","overlay-color":"","overlay-opacity":"","overlay-gradient":""},"mobile":{"background-color":"","background-image":"","background-repeat":"repeat","background-position":"center center","background-size":"auto","background-attachment":"scroll","background-type":"","background-media":"","overlay-type":"","overlay-color":"","overlay-opacity":"","overlay-gradient":""}},"ast-content-background-meta":{"desktop":{"background-color":"var(--ast-global-color-4)","background-image":"","background-repeat":"repeat","background-position":"center center","background-size":"auto","background-attachment":"scroll","background-type":"","background-media":"","overlay-type":"","overlay-color":"","overlay-opacity":"","overlay-gradient":""},"tablet":{"background-color":"var(--ast-global-color-4)","background-image":"","background-repeat":"repeat","background-position":"center center","background-size":"auto","background-attachment":"scroll","background-type":"","background-media":"","overlay-type":"","overlay-color":"","overlay-opacity":"","overlay-gradient":""},"mobile":{"background-color":"var(--ast-global-color-4)","background-image":"","background-repeat":"repeat","background-position":"center center","background-size":"auto","background-attachment":"scroll","background-type":"","background-media":"","overlay-type":"","overlay-color":"","overlay-opacity":"","overlay-gradient":""}},"footnotes":""},"class_list":["post-96","page","type-page","status-publish","hentry"],"_links":{"self":[{"href":"https:\/\/vitoriabtt.com\/eu\/wp-json\/wp\/v2\/pages\/96","targetHints":{"allow":["GET"]}}],"collection":[{"href":"https:\/\/vitoriabtt.com\/eu\/wp-json\/wp\/v2\/pages"}],"about":[{"href":"https:\/\/vitoriabtt.com\/eu\/wp-json\/wp\/v2\/types\/page"}],"author":[{"embeddable":true,"href":"https:\/\/vitoriabtt.com\/eu\/wp-json\/wp\/v2\/users\/1"}],"replies":[{"embeddable":true,"href":"https:\/\/vitoriabtt.com\/eu\/wp-json\/wp\/v2\/comments?post=96"}],"version-history":[{"count":66,"href":"https:\/\/vitoriabtt.com\/eu\/wp-json\/wp\/v2\/pages\/96\/revisions"}],"predecessor-version":[{"id":1011,"href":"https:\/\/vitoriabtt.com\/eu\/wp-json\/wp\/v2\/pages\/96\/revisions\/1011"}],"wp:attachment":[{"href":"https:\/\/vitoriabtt.com\/eu\/wp-json\/wp\/v2\/media?parent=96"}],"curies":[{"name":"wp","href":"https:\/\/api.w.org\/{rel}","templated":true}]}}