{"id":935,"date":"2026-02-09T09:08:47","date_gmt":"2026-02-09T09:08:47","guid":{"rendered":"https:\/\/vitoriabtt.com\/?page_id=935"},"modified":"2026-02-19T10:58:24","modified_gmt":"2026-02-19T10:58:24","slug":"alojamiento","status":"publish","type":"page","link":"https:\/\/vitoriabtt.com\/eu\/alojamiento\/","title":{"rendered":"Alojamiento"},"content":{"rendered":"<div data-elementor-type=\"wp-page\" data-elementor-id=\"935\" class=\"elementor elementor-935\">\n\t\t\t\t<div class=\"elementor-element elementor-element-ab1a29e e-flex e-con-boxed wpr-particle-no wpr-jarallax-no wpr-parallax-no wpr-sticky-section-no e-con e-parent\" data-id=\"ab1a29e\" data-element_type=\"container\" data-settings=\"{&quot;background_background&quot;:&quot;classic&quot;}\">\n\t\t\t\t\t<div class=\"e-con-inner\">\n\t\t\t\t<div class=\"elementor-element elementor-element-5f51e3f elementor-widget elementor-widget-spacer\" data-id=\"5f51e3f\" data-element_type=\"widget\" data-widget_type=\"spacer.default\">\n\t\t\t\t\t\t\t<div class=\"elementor-spacer\">\n\t\t\t<div class=\"elementor-spacer-inner\"><\/div>\n\t\t<\/div>\n\t\t\t\t\t\t<\/div>\n\t\t\t\t<div class=\"elementor-element elementor-element-9dc7ad5 elementor-widget elementor-widget-heading\" data-id=\"9dc7ad5\" data-element_type=\"widget\" data-widget_type=\"heading.default\">\n\t\t\t\t\t<h2 class=\"elementor-heading-title elementor-size-default\">ALOJAMIENTO<\/h2>\t\t\t\t<\/div>\n\t\t\t\t\t<\/div>\n\t\t\t\t<\/div>\n\t\t<div class=\"elementor-element elementor-element-c98117d e-flex e-con-boxed wpr-particle-no wpr-jarallax-no wpr-parallax-no wpr-sticky-section-no e-con e-parent\" data-id=\"c98117d\" data-element_type=\"container\">\n\t\t\t\t\t<div class=\"e-con-inner\">\n\t\t\t\t<div class=\"elementor-element elementor-element-20bdacf elementor-widget elementor-widget-image\" data-id=\"20bdacf\" data-element_type=\"widget\" data-widget_type=\"image.default\">\n\t\t\t\t\t\t\t\t\t\t\t\t\t\t\t<img fetchpriority=\"high\" decoding=\"async\" width=\"1024\" height=\"1024\" src=\"https:\/\/vitoriabtt.com\/wp-content\/uploads\/2025\/12\/LogoVitoriaBTTNegro-1024x1024.png\" class=\"attachment-large size-large wp-image-746\" alt=\"\" srcset=\"https:\/\/vitoriabtt.com\/wp-content\/uploads\/2025\/12\/LogoVitoriaBTTNegro-1024x1024.png 1024w, https:\/\/vitoriabtt.com\/wp-content\/uploads\/2025\/12\/LogoVitoriaBTTNegro-300x300.png 300w, https:\/\/vitoriabtt.com\/wp-content\/uploads\/2025\/12\/LogoVitoriaBTTNegro-150x150.png 150w, https:\/\/vitoriabtt.com\/wp-content\/uploads\/2025\/12\/LogoVitoriaBTTNegro-768x768.png 768w, https:\/\/vitoriabtt.com\/wp-content\/uploads\/2025\/12\/LogoVitoriaBTTNegro.png 1125w\" sizes=\"(max-width: 1024px) 100vw, 1024px\" \/>\t\t\t\t\t\t\t\t\t\t\t\t\t\t\t<\/div>\n\t\t\t\t\t<\/div>\n\t\t\t\t<\/div>\n\t\t<div class=\"elementor-element elementor-element-09fffef e-flex e-con-boxed wpr-particle-no wpr-jarallax-no wpr-parallax-no wpr-sticky-section-no e-con e-parent\" data-id=\"09fffef\" data-element_type=\"container\">\n\t\t\t\t\t<div class=\"e-con-inner\">\n\t\t\t\t<div class=\"elementor-element elementor-element-f4cd26f elementor-widget elementor-widget-heading\" data-id=\"f4cd26f\" data-element_type=\"widget\" data-widget_type=\"heading.default\">\n\t\t\t\t\t<h2 class=\"elementor-heading-title elementor-size-default\">PRECIOS ESPECIALES PARA PARTICIPANTES EN:<\/h2>\t\t\t\t<\/div>\n\t\t\t\t<div class=\"elementor-element elementor-element-e3d02b7 elementor-widget elementor-widget-image\" data-id=\"e3d02b7\" data-element_type=\"widget\" data-widget_type=\"image.default\">\n\t\t\t\t\t\t\t\t\t\t\t\t\t\t\t<img decoding=\"async\" width=\"802\" height=\"334\" src=\"https:\/\/vitoriabtt.com\/wp-content\/uploads\/2026\/02\/LogoJardinesDeUleta.png\" class=\"attachment-large size-large wp-image-955\" alt=\"\" srcset=\"https:\/\/vitoriabtt.com\/wp-content\/uploads\/2026\/02\/LogoJardinesDeUleta.png 802w, https:\/\/vitoriabtt.com\/wp-content\/uploads\/2026\/02\/LogoJardinesDeUleta-300x125.png 300w, https:\/\/vitoriabtt.com\/wp-content\/uploads\/2026\/02\/LogoJardinesDeUleta-768x320.png 768w, https:\/\/vitoriabtt.com\/wp-content\/uploads\/2026\/02\/LogoJardinesDeUleta-18x7.png 18w\" sizes=\"(max-width: 802px) 100vw, 802px\" \/>\t\t\t\t\t\t\t\t\t\t\t\t\t\t\t<\/div>\n\t\t\t\t<div class=\"elementor-element elementor-element-9386713 elementor-widget elementor-widget-heading\" data-id=\"9386713\" data-element_type=\"widget\" data-widget_type=\"heading.default\">\n\t\t\t\t\t<h2 class=\"elementor-heading-title elementor-size-default\">Para estancias del 1 al 3 de mayo<\/h2>\t\t\t\t<\/div>\n\t\t\t\t<div class=\"elementor-element elementor-element-3a60c40 elementor-widget elementor-widget-heading\" data-id=\"3a60c40\" data-element_type=\"widget\" data-widget_type=\"heading.default\">\n\t\t\t\t\t<h2 class=\"elementor-heading-title elementor-size-default\">Promoci\u00f3n especial de Alojamiento y Desayuno<\/h2>\t\t\t\t<\/div>\n\t\t\t\t<div class=\"elementor-element elementor-element-43029a7 elementor-widget elementor-widget-image\" data-id=\"43029a7\" data-element_type=\"widget\" data-widget_type=\"image.default\">\n\t\t\t\t\t\t\t\t\t\t\t\t\t\t\t<img decoding=\"async\" width=\"991\" height=\"1024\" src=\"https:\/\/vitoriabtt.com\/wp-content\/uploads\/2026\/02\/Captura-de-pantalla-2026-02-09-a-las-12.24.59-991x1024.png\" class=\"attachment-large size-large wp-image-964\" alt=\"\" srcset=\"https:\/\/vitoriabtt.com\/wp-content\/uploads\/2026\/02\/Captura-de-pantalla-2026-02-09-a-las-12.24.59-991x1024.png 991w, https:\/\/vitoriabtt.com\/wp-content\/uploads\/2026\/02\/Captura-de-pantalla-2026-02-09-a-las-12.24.59-290x300.png 290w, https:\/\/vitoriabtt.com\/wp-content\/uploads\/2026\/02\/Captura-de-pantalla-2026-02-09-a-las-12.24.59-768x793.png 768w, https:\/\/vitoriabtt.com\/wp-content\/uploads\/2026\/02\/Captura-de-pantalla-2026-02-09-a-las-12.24.59-1487x1536.png 1487w, https:\/\/vitoriabtt.com\/wp-content\/uploads\/2026\/02\/Captura-de-pantalla-2026-02-09-a-las-12.24.59-12x12.png 12w, https:\/\/vitoriabtt.com\/wp-content\/uploads\/2026\/02\/Captura-de-pantalla-2026-02-09-a-las-12.24.59.png 1580w\" sizes=\"(max-width: 991px) 100vw, 991px\" \/>\t\t\t\t\t\t\t\t\t\t\t\t\t\t\t<\/div>\n\t\t\t\t<div class=\"elementor-element elementor-element-a98d14f elementor-widget elementor-widget-heading\" data-id=\"a98d14f\" data-element_type=\"widget\" data-widget_type=\"heading.default\">\n\t\t\t\t\t<h2 class=\"elementor-heading-title elementor-size-default\"><p style=\"--8sD0Kg: none;font-family: YAFdJqX996o_0, _fb_, auto;--cyV3ZQ: 23.4914px;--gJPlXQ: 1.4;letter-spacing: 0.263em;--s8NbEA: p;line-height: 32px\"><span style=\"--Ys-XuQ: none;font-weight: 500\">Email: reservas@jardinesdeuleta.com<\/span><\/p><p style=\"--8sD0Kg: none;font-family: YAFdJqX996o_0, _fb_, auto;--cyV3ZQ: 23.4914px;--gJPlXQ: 1.4;letter-spacing: 0.263em;--s8NbEA: p;line-height: 32px\"><span style=\"font-weight: 500;font-style: inherit;letter-spacing: 0.263em\">WhatsApp: 621 26 80 42<\/span><\/p><p style=\"--8sD0Kg: none;font-family: YAFdJqX996o_0, _fb_, auto;--cyV3ZQ: 23.4914px;--gJPlXQ: 1.4;letter-spacing: 0.263em;--s8NbEA: p;line-height: 32px\"><span style=\"--Ys-XuQ: none;font-weight: 500\">Tel\u00e9fono: 945 13 31 31<\/span><span style=\"font-family: Arial, sans-serif;font-style: inherit;letter-spacing: 0.4px\"><\/span><\/p><\/h2>\t\t\t\t<\/div>\n\t\t\t\t<div class=\"elementor-element elementor-element-12ba0de elementor-widget elementor-widget-image\" data-id=\"12ba0de\" data-element_type=\"widget\" data-widget_type=\"image.default\">\n\t\t\t\t\t\t\t\t\t\t\t\t\t\t\t<img loading=\"lazy\" decoding=\"async\" width=\"376\" height=\"134\" src=\"https:\/\/vitoriabtt.com\/wp-content\/uploads\/2026\/02\/Sukha-hotel-logo.png\" class=\"attachment-large size-large wp-image-972\" alt=\"\" srcset=\"https:\/\/vitoriabtt.com\/wp-content\/uploads\/2026\/02\/Sukha-hotel-logo.png 376w, https:\/\/vitoriabtt.com\/wp-content\/uploads\/2026\/02\/Sukha-hotel-logo-300x107.png 300w, https:\/\/vitoriabtt.com\/wp-content\/uploads\/2026\/02\/Sukha-hotel-logo-18x6.png 18w\" sizes=\"(max-width: 376px) 100vw, 376px\" \/>\t\t\t\t\t\t\t\t\t\t\t\t\t\t\t<\/div>\n\t\t\t\t<div class=\"elementor-element elementor-element-03ff362 elementor-widget elementor-widget-heading\" data-id=\"03ff362\" data-element_type=\"widget\" data-widget_type=\"heading.default\">\n\t\t\t\t\t<h2 class=\"elementor-heading-title elementor-size-default\">Para estancias del 1 al 3 de mayo<\/h2>\t\t\t\t<\/div>\n\t\t\t\t<div class=\"elementor-element elementor-element-6f04ad7 elementor-widget elementor-widget-heading\" data-id=\"6f04ad7\" data-element_type=\"widget\" data-widget_type=\"heading.default\">\n\t\t\t\t\t<h2 class=\"elementor-heading-title elementor-size-default\">Promoci\u00f3n especial de Alojamiento y Desayuno<\/h2>\t\t\t\t<\/div>\n\t\t\t\t<div class=\"elementor-element elementor-element-b840e1d elementor-widget elementor-widget-image\" data-id=\"b840e1d\" data-element_type=\"widget\" data-widget_type=\"image.default\">\n\t\t\t\t\t\t\t\t\t\t\t\t\t\t\t<img loading=\"lazy\" decoding=\"async\" width=\"1024\" height=\"1024\" src=\"https:\/\/vitoriabtt.com\/wp-content\/uploads\/2026\/02\/BTT_Posts-copia.jpg\" class=\"attachment-large size-large wp-image-971\" alt=\"\" srcset=\"https:\/\/vitoriabtt.com\/wp-content\/uploads\/2026\/02\/BTT_Posts-copia.jpg 1024w, https:\/\/vitoriabtt.com\/wp-content\/uploads\/2026\/02\/BTT_Posts-copia-300x300.jpg 300w, https:\/\/vitoriabtt.com\/wp-content\/uploads\/2026\/02\/BTT_Posts-copia-150x150.jpg 150w, https:\/\/vitoriabtt.com\/wp-content\/uploads\/2026\/02\/BTT_Posts-copia-768x768.jpg 768w, https:\/\/vitoriabtt.com\/wp-content\/uploads\/2026\/02\/BTT_Posts-copia-12x12.jpg 12w\" sizes=\"(max-width: 1024px) 100vw, 1024px\" \/>\t\t\t\t\t\t\t\t\t\t\t\t\t\t\t<\/div>\n\t\t\t\t<div class=\"elementor-element elementor-element-557813b elementor-widget elementor-widget-heading\" data-id=\"557813b\" data-element_type=\"widget\" data-widget_type=\"heading.default\">\n\t\t\t\t\t<h2 class=\"elementor-heading-title elementor-size-default\"><p style=\"--8sD0Kg: none;font-family: YAFdJqX996o_0, _fb_, auto;--cyV3ZQ: 23.4914px;--gJPlXQ: 1.4;letter-spacing: 0.263em;--s8NbEA: p;line-height: 32px\"><span style=\"--Ys-XuQ: none;font-weight: 500\">Email: info@hotelsukha.com <\/span><\/p><p style=\"--8sD0Kg: none;font-family: YAFdJqX996o_0, _fb_, auto;--cyV3ZQ: 23.4914px;--gJPlXQ: 1.4;letter-spacing: 0.263em;--s8NbEA: p;line-height: 32px\"><span style=\"--Ys-XuQ: none;font-weight: 500\">Tel\u00e9fono: 943 79 09 41<\/span><span style=\"font-family: Arial, sans-serif;font-style: inherit;letter-spacing: 0.4px\"><\/span><\/p><\/h2>\t\t\t\t<\/div>\n\t\t\t\t\t<\/div>\n\t\t\t\t<\/div>\n\t\t\t\t<\/div>","protected":false},"excerpt":{"rendered":"<p>ALOJAMIENTO PRECIOS ESPECIALES PARA PARTICIPANTES EN: Para estancias del 1 al 3 de mayo Promoci\u00f3n especial de Alojamiento y Desayuno Email: reservas@jardinesdeuleta.com WhatsApp: 621 26 80 42 Tel\u00e9fono: 945 13 31 31 Para estancias del 1 al 3 de mayo Promoci\u00f3n especial de Alojamiento y Desayuno Email: info@hotelsukha.com Tel\u00e9fono: 943 79 09 41<\/p>","protected":false},"author":1,"featured_media":0,"parent":0,"menu_order":0,"comment_status":"closed","ping_status":"closed","template":"","meta":{"site-sidebar-layout":"default","site-content-layout":"","ast-site-content-layout":"default","site-content-style":"default","site-sidebar-style":"default","ast-global-header-display":"disabled","ast-banner-title-visibility":"","ast-main-header-display":"","ast-hfb-above-header-display":"","ast-hfb-below-header-display":"","ast-hfb-mobile-header-display":"","site-post-title":"disabled","ast-breadcrumbs-content":"","ast-featured-img":"disabled","footer-sml-layout":"","theme-transparent-header-meta":"","adv-header-id-meta":"","stick-header-meta":"","header-above-stick-meta":"","header-main-stick-meta":"","header-below-stick-meta":"","astra-migrate-meta-layouts":"default","ast-page-background-enabled":"default","ast-page-background-meta":{"desktop":{"background-color":"var(--ast-global-color-5)","background-image":"","background-repeat":"repeat","background-position":"center center","background-size":"auto","background-attachment":"scroll","background-type":"","background-media":"","overlay-type":"","overlay-color":"","overlay-opacity":"","overlay-gradient":""},"tablet":{"background-color":"","background-image":"","background-repeat":"repeat","background-position":"center center","background-size":"auto","background-attachment":"scroll","background-type":"","background-media":"","overlay-type":"","overlay-color":"","overlay-opacity":"","overlay-gradient":""},"mobile":{"background-color":"","background-image":"","background-repeat":"repeat","background-position":"center center","background-size":"auto","background-attachment":"scroll","background-type":"","background-media":"","overlay-type":"","overlay-color":"","overlay-opacity":"","overlay-gradient":""}},"ast-content-background-meta":{"desktop":{"background-color":"var(--ast-global-color-4)","background-image":"","background-repeat":"repeat","background-position":"center center","background-size":"auto","background-attachment":"scroll","background-type":"","background-media":"","overlay-type":"","overlay-color":"","overlay-opacity":"","overlay-gradient":""},"tablet":{"background-color":"var(--ast-global-color-4)","background-image":"","background-repeat":"repeat","background-position":"center center","background-size":"auto","background-attachment":"scroll","background-type":"","background-media":"","overlay-type":"","overlay-color":"","overlay-opacity":"","overlay-gradient":""},"mobile":{"background-color":"var(--ast-global-color-4)","background-image":"","background-repeat":"repeat","background-position":"center center","background-size":"auto","background-attachment":"scroll","background-type":"","background-media":"","overlay-type":"","overlay-color":"","overlay-opacity":"","overlay-gradient":""}},"footnotes":""},"class_list":["post-935","page","type-page","status-publish","hentry"],"_links":{"self":[{"href":"https:\/\/vitoriabtt.com\/eu\/wp-json\/wp\/v2\/pages\/935","targetHints":{"allow":["GET"]}}],"collection":[{"href":"https:\/\/vitoriabtt.com\/eu\/wp-json\/wp\/v2\/pages"}],"about":[{"href":"https:\/\/vitoriabtt.com\/eu\/wp-json\/wp\/v2\/types\/page"}],"author":[{"embeddable":true,"href":"https:\/\/vitoriabtt.com\/eu\/wp-json\/wp\/v2\/users\/1"}],"replies":[{"embeddable":true,"href":"https:\/\/vitoriabtt.com\/eu\/wp-json\/wp\/v2\/comments?post=935"}],"version-history":[{"count":36,"href":"https:\/\/vitoriabtt.com\/eu\/wp-json\/wp\/v2\/pages\/935\/revisions"}],"predecessor-version":[{"id":981,"href":"https:\/\/vitoriabtt.com\/eu\/wp-json\/wp\/v2\/pages\/935\/revisions\/981"}],"wp:attachment":[{"href":"https:\/\/vitoriabtt.com\/eu\/wp-json\/wp\/v2\/media?parent=935"}],"curies":[{"name":"wp","href":"https:\/\/api.w.org\/{rel}","templated":true}]}}